{"id":5812,"date":"2025-02-03T18:20:02","date_gmt":"2025-02-03T17:20:02","guid":{"rendered":"https:\/\/voilepartageedelarade.bzh\/?page_id=5812"},"modified":"2026-04-15T16:20:57","modified_gmt":"2026-04-15T14:20:57","slug":"gazette-de-vpr","status":"publish","type":"page","link":"https:\/\/voilepartageedelarade.bzh\/index.php\/gazette-de-vpr\/","title":{"rendered":"La Gazette de VPR"},"content":{"rendered":"\t\t<div data-elementor-type=\"wp-page\" data-elementor-id=\"5812\" class=\"elementor elementor-5812\" data-elementor-post-type=\"page\">\n\t\t\t\t<div class=\"elementor-element elementor-element-70a33cb e-flex e-con-boxed e-con e-parent\" data-id=\"70a33cb\" data-element_type=\"container\" data-e-type=\"container\">\n\t\t\t\t\t<div class=\"e-con-inner\">\n\t\t\t\t<div class=\"elementor-element elementor-element-6309a67 elementor-widget elementor-widget-image\" data-id=\"6309a67\" data-element_type=\"widget\" data-e-type=\"widget\" data-widget_type=\"image.default\">\n\t\t\t\t<div class=\"elementor-widget-container\">\n\t\t\t\t\t\t\t\t\t\t\t\t\t\t\t<img fetchpriority=\"high\" decoding=\"async\" width=\"660\" height=\"387\" src=\"https:\/\/voilepartageedelarade.bzh\/wp-content\/uploads\/2025\/04\/IMG_1529-1024x600.jpeg\" class=\"attachment-large size-large wp-image-6321\" alt=\"\" srcset=\"https:\/\/voilepartageedelarade.bzh\/wp-content\/uploads\/2025\/04\/IMG_1529-1024x600.jpeg 1024w, https:\/\/voilepartageedelarade.bzh\/wp-content\/uploads\/2025\/04\/IMG_1529-300x176.jpeg 300w, https:\/\/voilepartageedelarade.bzh\/wp-content\/uploads\/2025\/04\/IMG_1529-768x450.jpeg 768w, https:\/\/voilepartageedelarade.bzh\/wp-content\/uploads\/2025\/04\/IMG_1529.jpeg 1138w\" sizes=\"(max-width: 660px) 100vw, 660px\" \/>\t\t\t\t\t\t\t\t\t\t\t\t\t\t\t<\/div>\n\t\t\t\t<\/div>\n\t\t\t\t<div class=\"elementor-element elementor-element-4115d0c elementor-widget elementor-widget-text-editor\" data-id=\"4115d0c\" data-element_type=\"widget\" data-e-type=\"widget\" data-widget_type=\"text-editor.default\">\n\t\t\t\t<div class=\"elementor-widget-container\">\n\t\t\t\t\t\t\t\t\t<ul><li><a href=\"https:\/\/voilepartageedelarade.bzh\/wp-content\/uploads\/2026\/04\/N\u00b013-Gazette-VPR-avril-26.pdf\">13 avril 2026<\/a><\/li><li><a href=\"https:\/\/voilepartageedelarade.bzh\/wp-content\/uploads\/2026\/03\/N\u00b012-Gazette-VPR-mars26.pdf\">12-mars 2026<\/a><\/li><li><a href=\"https:\/\/voilepartageedelarade.bzh\/wp-content\/uploads\/2026\/02\/N\u00b011-Gazette-VPR-fev-26.pdf\">11-f\u00e9vrier 2026<\/a><\/li><li><a href=\"https:\/\/voilepartageedelarade.bzh\/wp-content\/uploads\/2026\/01\/N\u00b010-Gazette-VPR-janv-26.pdf\">10-janvier 2026<\/a><\/li><li><a href=\"https:\/\/voilepartageedelarade.bzh\/wp-content\/uploads\/2025\/12\/N\u00b09-Gazette-VPR-dec-25.pdf\">9-d\u00e9cembre 2025<\/a><\/li><li><a href=\"https:\/\/voilepartageedelarade.bzh\/wp-content\/uploads\/2025\/11\/N\u00b08-Gazette-VPR-nov-25.pdf\">8-novembre 2025<\/a><\/li><li><a href=\"https:\/\/voilepartageedelarade.bzh\/wp-content\/uploads\/2025\/10\/N\u00b07-Gazette-VPR-oct-25.pdf\">7-octobre 2025<\/a><\/li><li><a href=\"https:\/\/voilepartageedelarade.bzh\/wp-content\/uploads\/2025\/09\/N\u00b06-Gazette-VPR-sept-25.pdf\">6-septembre 2025<\/a><\/li><li><a href=\"https:\/\/voilepartageedelarade.bzh\/wp-content\/uploads\/2025\/06\/N\u00b05-Gazette-VPR-Juin.pdf\">5-juin 2025<\/a><\/li><li><a href=\"https:\/\/voilepartageedelarade.bzh\/wp-content\/uploads\/2025\/05\/N\u00b04-Gazette-VPR-Mai-25.pdf\">4-mai 2025<\/a><\/li><li><a href=\"https:\/\/voilepartageedelarade.bzh\/wp-content\/uploads\/2025\/04\/N%c2%b03-Gazette-VPR-Avril-25.pdf\">3-avril 2025<\/a><\/li><li><a href=\"https:\/\/voilepartageedelarade.bzh\/wp-content\/uploads\/2025\/03\/N\u00b02-Gazette-de-VPR-25.pdf\">2-mars 2025<\/a><\/li><li><a href=\"https:\/\/voilepartageedelarade.bzh\/wp-content\/uploads\/2025\/02\/N\u00b01-Gazette-de-VPR-7-fev25-.pdf\">1-f\u00e9vrier 2025<\/a><\/li><\/ul>\t\t\t\t\t\t\t\t<\/div>\n\t\t\t\t<\/div>\n\t\t\t\t\t<\/div>\n\t\t\t\t<\/div>\n\t\t<div class=\"elementor-element elementor-element-32c72da e-flex e-con-boxed e-con e-parent\" data-id=\"32c72da\" data-element_type=\"container\" data-e-type=\"container\">\n\t\t\t\t\t<div class=\"e-con-inner\">\n\t\t\t\t\t<\/div>\n\t\t\t\t<\/div>\n\t\t\t\t<\/div>\n\t\t","protected":false},"excerpt":{"rendered":"<p>13 avril 2026 12-mars 2026 11-f\u00e9vrier 2026 10-janvier 2026 9-d\u00e9cembre 2025 8-novembre 2025 7-octobre 2025 6-septembre 2025 5-juin 2025 4-mai 2025 3-avril 2025 2-mars 2025 1-f\u00e9vrier 2025<\/p>\n","protected":false},"author":3,"featured_media":0,"parent":0,"menu_order":0,"comment_status":"closed","ping_status":"closed","template":"","meta":{"footnotes":""},"class_list":["post-5812","page","type-page","status-publish","hentry"],"jetpack_sharing_enabled":true,"_links":{"self":[{"href":"https:\/\/voilepartageedelarade.bzh\/index.php\/wp-json\/wp\/v2\/pages\/5812","targetHints":{"allow":["GET"]}}],"collection":[{"href":"https:\/\/voilepartageedelarade.bzh\/index.php\/wp-json\/wp\/v2\/pages"}],"about":[{"href":"https:\/\/voilepartageedelarade.bzh\/index.php\/wp-json\/wp\/v2\/types\/page"}],"author":[{"embeddable":true,"href":"https:\/\/voilepartageedelarade.bzh\/index.php\/wp-json\/wp\/v2\/users\/3"}],"replies":[{"embeddable":true,"href":"https:\/\/voilepartageedelarade.bzh\/index.php\/wp-json\/wp\/v2\/comments?post=5812"}],"version-history":[{"count":49,"href":"https:\/\/voilepartageedelarade.bzh\/index.php\/wp-json\/wp\/v2\/pages\/5812\/revisions"}],"predecessor-version":[{"id":7956,"href":"https:\/\/voilepartageedelarade.bzh\/index.php\/wp-json\/wp\/v2\/pages\/5812\/revisions\/7956"}],"wp:attachment":[{"href":"https:\/\/voilepartageedelarade.bzh\/index.php\/wp-json\/wp\/v2\/media?parent=5812"}],"curies":[{"name":"wp","href":"https:\/\/api.w.org\/{rel}","templated":true}]}}